{"id":767,"date":"2019-09-05T10:57:02","date_gmt":"2019-09-05T10:57:02","guid":{"rendered":"https:\/\/biscuitkid.ch\/?page_id=767"},"modified":"2024-08-24T13:15:38","modified_gmt":"2024-08-24T13:15:38","slug":"biscuitkid-negozio-dabbigliamento-ed-accessori-per-bambini-e-neonati","status":"publish","type":"page","link":"https:\/\/biscuitkid.ch\/index.php\/biscuitkid-negozio-dabbigliamento-ed-accessori-per-bambini-e-neonati\/","title":{"rendered":"Chi siamo"},"content":{"rendered":"\n<h1 class=\"wp-block-heading has-text-align-center\">Biscuitkid e l&#8217;idea<\/h1>\n\n\n\n<p>Immergiti nel mondo incantato della moda per neonati e bambini con Biscuitkid! Scoprilo negozio fisico a Chiasso, Ticino, Svizzera per un&#8217;esperienza di shopping senza confini. Con una selezione curata di abbigliamento e accessori realizzati con cotoni organici e materiali d&#8217;eccellenza, garantiamo il massimo comfort e stile per i tuoi piccoli. Spedizioni rapide in tutta Europa per vestire i tuoi bambini con un tocco di magia!<\/p>\n\n\n\n<p class=\"has-text-align-center\">Biscuitkid \u00e8 un concept store d\u2019abbigliamento ed accessori per bambini e neonati. <\/p>\n\n\n\n<p class=\"has-text-align-center\">Nato nel 2015, siamo alla costante ricerca di novit\u00e0 ed innovazione, selezioniamo per Voi i migliori capi presenti nelle collezioni dei pi\u00f9 noti brand attuali.<\/p>\n\n\n\n<p class=\"has-text-align-center\">Il nostro impegno si rivolge ad una clientela esigente, sempre pi\u00f9 attenta alla qualit\u00e0, alla funzionalit\u00e0 e allo stile.&nbsp;<\/p>\n\n\n\n<p class=\"has-text-align-center\">Il nostro obiettivo \u00e8 quello di rendere felici genitori e bambini, trasmettendo loro passione per la qualit\u00e0 dei tessuti, cura nei dettagli, resistenza dei materiali e confort.&nbsp;<\/p>\n\n\n\n<p class=\"has-text-align-center\">Ogni giorno cerchiamo di offrire un\u2019esperienza piacevole. Siamo capaci di entusiasmare i nostri clienti proponendo capi e prodotti di alta qualit\u00e0 che vanno d\u2019accordo con il concetto di Bio e cotone organico. Questo cotone \u00e8 caratterizzato da una maggiore morbidezza, resistenza, con propriet\u00e0 ipoallergeniche, perfetto anche per le pelli pi\u00f9 sensibili.&nbsp;<\/p>\n\n\n\n<p class=\"has-text-align-center\">Le aziende con cui collaboriamo lavorano nel rispetto per l\u2019ambiente, hanno una particolare attenzione alla sostenibilit\u00e0 della catena produttiva, salvaguardando cos\u00ec il futuro delle persone e della natura<\/p>\n\n\n\n<p><\/p>\n\n\n\n<div class=\"wp-block-jetpack-tiled-gallery aligncenter is-style-rectangular\"><div class=\"\"><div class=\"tiled-gallery__gallery\"><div class=\"tiled-gallery__row\"><div class=\"tiled-gallery__col\" style=\"flex-basis:34.389424002922574%\"><figure class=\"tiled-gallery__item\"><a href=\"https:\/\/i0.wp.com\/biscuitkid.ch\/wp-content\/uploads\/2019\/09\/interno-bella.jpg?ssl=1\"><img  title=\"\" decoding=\"async\" srcset=\"https:\/\/i2.wp.com\/biscuitkid.ch\/wp-content\/uploads\/2019\/09\/interno-bella.jpg?strip=info&#038;w=600&#038;ssl=1 600w,https:\/\/i2.wp.com\/biscuitkid.ch\/wp-content\/uploads\/2019\/09\/interno-bella.jpg?strip=info&#038;w=900&#038;ssl=1 900w,https:\/\/i2.wp.com\/biscuitkid.ch\/wp-content\/uploads\/2019\/09\/interno-bella.jpg?strip=info&#038;w=1200&#038;ssl=1 1200w,https:\/\/i2.wp.com\/biscuitkid.ch\/wp-content\/uploads\/2019\/09\/interno-bella.jpg?strip=info&#038;w=1500&#038;ssl=1 1500w,https:\/\/i2.wp.com\/biscuitkid.ch\/wp-content\/uploads\/2019\/09\/interno-bella.jpg?strip=info&#038;w=1800&#038;ssl=1 1800w,https:\/\/i2.wp.com\/biscuitkid.ch\/wp-content\/uploads\/2019\/09\/interno-bella.jpg?strip=info&#038;w=1869&#038;ssl=1 1869w\"  alt=\"interno-bella Chi siamo\"  data-height=\"1134\" data-id=\"782\" data-link=\"https:\/\/biscuitkid.ch\/index.php\/biscuitkid-chi-siamo-idea\/interno-bella\/\" data-url=\"https:\/\/biscuitkid.ch\/wp-content\/uploads\/2019\/09\/interno-bella.jpg\" data-width=\"1869\" src=\"https:\/\/i2.wp.com\/biscuitkid.ch\/wp-content\/uploads\/2019\/09\/interno-bella.jpg?ssl=1\" data-amp-layout=\"responsive\" tabindex=\"0\" role=\"button\" aria-label=\"Apri immagine 1 di 10 a schermo intero\"\/><\/a><\/figure><figure class=\"tiled-gallery__item\"><a href=\"https:\/\/i0.wp.com\/biscuitkid.ch\/wp-content\/uploads\/2020\/10\/01032909-1024x682-min.jpeg?ssl=1\"><img  title=\"\" decoding=\"async\" srcset=\"https:\/\/i2.wp.com\/biscuitkid.ch\/wp-content\/uploads\/2020\/10\/01032909-1024x682-min.jpeg?strip=info&#038;w=600&#038;ssl=1 600w,https:\/\/i2.wp.com\/biscuitkid.ch\/wp-content\/uploads\/2020\/10\/01032909-1024x682-min.jpeg?strip=info&#038;w=900&#038;ssl=1 900w,https:\/\/i2.wp.com\/biscuitkid.ch\/wp-content\/uploads\/2020\/10\/01032909-1024x682-min.jpeg?strip=info&#038;w=1024&#038;ssl=1 1024w\"  alt=\"01032909-1024x682-min Chi siamo\"  data-height=\"682\" data-id=\"5937\" data-link=\"https:\/\/biscuitkid.ch\/index.php\/biscuitkid-chi-siamo-idea\/01032909-1024x682-min\/\" data-url=\"https:\/\/biscuitkid.ch\/wp-content\/uploads\/2020\/10\/01032909-1024x682-min.jpeg\" data-width=\"1024\" src=\"https:\/\/i2.wp.com\/biscuitkid.ch\/wp-content\/uploads\/2020\/10\/01032909-1024x682-min.jpeg?ssl=1\" data-amp-layout=\"responsive\" tabindex=\"0\" role=\"button\" aria-label=\"Apri immagine 2 di 10 a schermo intero\"\/><\/a><\/figure><\/div><div class=\"tiled-gallery__col\" style=\"flex-basis:65.61057599707743%\"><figure class=\"tiled-gallery__item\"><a href=\"https:\/\/i0.wp.com\/biscuitkid.ch\/wp-content\/uploads\/2020\/10\/01032912-1024x689-min.jpeg?ssl=1\"><img  title=\"\" decoding=\"async\" srcset=\"https:\/\/i2.wp.com\/biscuitkid.ch\/wp-content\/uploads\/2020\/10\/01032912-1024x689-min.jpeg?strip=info&#038;w=600&#038;ssl=1 600w,https:\/\/i2.wp.com\/biscuitkid.ch\/wp-content\/uploads\/2020\/10\/01032912-1024x689-min.jpeg?strip=info&#038;w=900&#038;ssl=1 900w,https:\/\/i2.wp.com\/biscuitkid.ch\/wp-content\/uploads\/2020\/10\/01032912-1024x689-min.jpeg?strip=info&#038;w=1024&#038;ssl=1 1024w\"  alt=\"01032912-1024x689-min Chi siamo\"  data-height=\"689\" data-id=\"5939\" data-link=\"https:\/\/biscuitkid.ch\/index.php\/biscuitkid-chi-siamo-idea\/01032912-1024x689-min\/\" data-url=\"https:\/\/biscuitkid.ch\/wp-content\/uploads\/2020\/10\/01032912-1024x689-min.jpeg\" data-width=\"1024\" src=\"https:\/\/i2.wp.com\/biscuitkid.ch\/wp-content\/uploads\/2020\/10\/01032912-1024x689-min.jpeg?ssl=1\" data-amp-layout=\"responsive\" tabindex=\"0\" role=\"button\" aria-label=\"Apri immagine 3 di 10 a schermo intero\"\/><\/a><\/figure><\/div><\/div><div class=\"tiled-gallery__row\"><div class=\"tiled-gallery__col\" style=\"flex-basis:70.64698665160466%\"><figure class=\"tiled-gallery__item\"><a href=\"https:\/\/i0.wp.com\/biscuitkid.ch\/wp-content\/uploads\/2019\/09\/vetrina.jpeg?ssl=1\"><img  title=\"\" decoding=\"async\" srcset=\"https:\/\/i2.wp.com\/biscuitkid.ch\/wp-content\/uploads\/2019\/09\/vetrina.jpeg?strip=info&#038;w=600&#038;ssl=1 600w,https:\/\/i2.wp.com\/biscuitkid.ch\/wp-content\/uploads\/2019\/09\/vetrina.jpeg?strip=info&#038;w=900&#038;ssl=1 900w,https:\/\/i2.wp.com\/biscuitkid.ch\/wp-content\/uploads\/2019\/09\/vetrina.jpeg?strip=info&#038;w=1200&#038;ssl=1 1200w,https:\/\/i2.wp.com\/biscuitkid.ch\/wp-content\/uploads\/2019\/09\/vetrina.jpeg?strip=info&#038;w=1500&#038;ssl=1 1500w,https:\/\/i2.wp.com\/biscuitkid.ch\/wp-content\/uploads\/2019\/09\/vetrina.jpeg?strip=info&#038;w=1800&#038;ssl=1 1800w,https:\/\/i2.wp.com\/biscuitkid.ch\/wp-content\/uploads\/2019\/09\/vetrina.jpeg?strip=info&#038;w=1860&#038;ssl=1 1860w\"  alt=\"vetrina Chi siamo\"  data-height=\"1134\" data-id=\"806\" data-link=\"https:\/\/biscuitkid.ch\/index.php\/biscuitkid-chi-siamo-idea\/vetrina\/\" data-url=\"https:\/\/biscuitkid.ch\/wp-content\/uploads\/2019\/09\/vetrina.jpeg\" data-width=\"1860\" src=\"https:\/\/i2.wp.com\/biscuitkid.ch\/wp-content\/uploads\/2019\/09\/vetrina.jpeg?ssl=1\" data-amp-layout=\"responsive\" tabindex=\"0\" role=\"button\" aria-label=\"Apri immagine 4 di 10 a schermo intero\"\/><\/a><\/figure><\/div><div class=\"tiled-gallery__col\" style=\"flex-basis:29.353013348395336%\"><figure class=\"tiled-gallery__item\"><a href=\"https:\/\/i0.wp.com\/biscuitkid.ch\/wp-content\/uploads\/2020\/10\/01042932-695x1024-min.jpeg?ssl=1\"><img  title=\"\" decoding=\"async\" srcset=\"https:\/\/i2.wp.com\/biscuitkid.ch\/wp-content\/uploads\/2020\/10\/01042932-695x1024-min.jpeg?strip=info&#038;w=600&#038;ssl=1 600w,https:\/\/i2.wp.com\/biscuitkid.ch\/wp-content\/uploads\/2020\/10\/01042932-695x1024-min.jpeg?strip=info&#038;w=695&#038;ssl=1 695w\"  alt=\"01042932-695x1024-min Chi siamo\"  data-height=\"1024\" data-id=\"5942\" data-link=\"https:\/\/biscuitkid.ch\/index.php\/biscuitkid-chi-siamo-idea\/01042932-695x1024-min\/\" data-url=\"https:\/\/biscuitkid.ch\/wp-content\/uploads\/2020\/10\/01042932-695x1024-min.jpeg\" data-width=\"695\" src=\"https:\/\/i2.wp.com\/biscuitkid.ch\/wp-content\/uploads\/2020\/10\/01042932-695x1024-min.jpeg?ssl=1\" data-amp-layout=\"responsive\" tabindex=\"0\" role=\"button\" aria-label=\"Apri immagine 5 di 10 a schermo intero\"\/><\/a><\/figure><\/div><\/div><div class=\"tiled-gallery__row\"><div class=\"tiled-gallery__col\" style=\"flex-basis:50.61979128940652%\"><figure class=\"tiled-gallery__item\"><a href=\"https:\/\/i0.wp.com\/biscuitkid.ch\/wp-content\/uploads\/2020\/10\/01042933-1024x606-min.jpeg?ssl=1\"><img  title=\"\" decoding=\"async\" srcset=\"https:\/\/i2.wp.com\/biscuitkid.ch\/wp-content\/uploads\/2020\/10\/01042933-1024x606-min.jpeg?strip=info&#038;w=600&#038;ssl=1 600w,https:\/\/i2.wp.com\/biscuitkid.ch\/wp-content\/uploads\/2020\/10\/01042933-1024x606-min.jpeg?strip=info&#038;w=900&#038;ssl=1 900w,https:\/\/i2.wp.com\/biscuitkid.ch\/wp-content\/uploads\/2020\/10\/01042933-1024x606-min.jpeg?strip=info&#038;w=1024&#038;ssl=1 1024w\"  alt=\"01042933-1024x606-min Chi siamo\"  data-height=\"606\" data-id=\"5943\" data-link=\"https:\/\/biscuitkid.ch\/index.php\/biscuitkid-chi-siamo-idea\/01042933-1024x606-min\/\" data-url=\"https:\/\/biscuitkid.ch\/wp-content\/uploads\/2020\/10\/01042933-1024x606-min.jpeg\" data-width=\"1024\" src=\"https:\/\/i2.wp.com\/biscuitkid.ch\/wp-content\/uploads\/2020\/10\/01042933-1024x606-min.jpeg?ssl=1\" data-amp-layout=\"responsive\" tabindex=\"0\" role=\"button\" aria-label=\"Apri immagine 6 di 10 a schermo intero\"\/><\/a><\/figure><\/div><div class=\"tiled-gallery__col\" style=\"flex-basis:49.380208710593486%\"><figure class=\"tiled-gallery__item\"><a href=\"https:\/\/i0.wp.com\/biscuitkid.ch\/wp-content\/uploads\/2019\/09\/sacchetti.jpg?ssl=1\"><img  title=\"\" decoding=\"async\" srcset=\"https:\/\/i0.wp.com\/biscuitkid.ch\/wp-content\/uploads\/2019\/09\/sacchetti.jpg?strip=info&#038;w=600&#038;ssl=1 600w,https:\/\/i0.wp.com\/biscuitkid.ch\/wp-content\/uploads\/2019\/09\/sacchetti.jpg?strip=info&#038;w=900&#038;ssl=1 900w,https:\/\/i0.wp.com\/biscuitkid.ch\/wp-content\/uploads\/2019\/09\/sacchetti.jpg?strip=info&#038;w=1200&#038;ssl=1 1200w,https:\/\/i0.wp.com\/biscuitkid.ch\/wp-content\/uploads\/2019\/09\/sacchetti.jpg?strip=info&#038;w=1500&#038;ssl=1 1500w,https:\/\/i0.wp.com\/biscuitkid.ch\/wp-content\/uploads\/2019\/09\/sacchetti.jpg?strip=info&#038;w=1800&#038;ssl=1 1800w,https:\/\/i0.wp.com\/biscuitkid.ch\/wp-content\/uploads\/2019\/09\/sacchetti.jpg?strip=info&#038;w=1869&#038;ssl=1 1869w\"  alt=\"sacchetti Chi siamo\"  data-height=\"1134\" data-id=\"813\" data-link=\"https:\/\/biscuitkid.ch\/index.php\/biscuitkid-chi-siamo-idea\/sacchetti-2\/\" data-url=\"https:\/\/biscuitkid.ch\/wp-content\/uploads\/2019\/09\/sacchetti.jpg\" data-width=\"1869\" src=\"https:\/\/i0.wp.com\/biscuitkid.ch\/wp-content\/uploads\/2019\/09\/sacchetti.jpg?ssl=1\" data-amp-layout=\"responsive\" tabindex=\"0\" role=\"button\" aria-label=\"Apri immagine 7 di 10 a schermo intero\"\/><\/a><\/figure><\/div><\/div><div class=\"tiled-gallery__row\"><div class=\"tiled-gallery__col\" style=\"flex-basis:40.21515107151161%\"><figure class=\"tiled-gallery__item\"><a href=\"https:\/\/i0.wp.com\/biscuitkid.ch\/wp-content\/uploads\/2020\/10\/01042936-1024x727-min.jpeg?ssl=1\"><img  title=\"\" decoding=\"async\" srcset=\"https:\/\/i1.wp.com\/biscuitkid.ch\/wp-content\/uploads\/2020\/10\/01042936-1024x727-min.jpeg?strip=info&#038;w=600&#038;ssl=1 600w,https:\/\/i1.wp.com\/biscuitkid.ch\/wp-content\/uploads\/2020\/10\/01042936-1024x727-min.jpeg?strip=info&#038;w=900&#038;ssl=1 900w,https:\/\/i1.wp.com\/biscuitkid.ch\/wp-content\/uploads\/2020\/10\/01042936-1024x727-min.jpeg?strip=info&#038;w=1024&#038;ssl=1 1024w\"  alt=\"01042936-1024x727-min Chi siamo\"  data-height=\"727\" data-id=\"5944\" data-link=\"https:\/\/biscuitkid.ch\/index.php\/biscuitkid-chi-siamo-idea\/01042936-1024x727-min\/\" data-url=\"https:\/\/biscuitkid.ch\/wp-content\/uploads\/2020\/10\/01042936-1024x727-min.jpeg\" data-width=\"1024\" src=\"https:\/\/i1.wp.com\/biscuitkid.ch\/wp-content\/uploads\/2020\/10\/01042936-1024x727-min.jpeg?ssl=1\" data-amp-layout=\"responsive\" tabindex=\"0\" role=\"button\" aria-label=\"Apri immagine 8 di 10 a schermo intero\"\/><\/a><\/figure><\/div><div class=\"tiled-gallery__col\" style=\"flex-basis:40.660306782279285%\"><figure class=\"tiled-gallery__item\"><a href=\"https:\/\/i0.wp.com\/biscuitkid.ch\/wp-content\/uploads\/2020\/10\/01042931-1-1024x719-min.jpeg?ssl=1\"><img  title=\"\" decoding=\"async\" srcset=\"https:\/\/i2.wp.com\/biscuitkid.ch\/wp-content\/uploads\/2020\/10\/01042931-1-1024x719-min.jpeg?strip=info&#038;w=600&#038;ssl=1 600w,https:\/\/i2.wp.com\/biscuitkid.ch\/wp-content\/uploads\/2020\/10\/01042931-1-1024x719-min.jpeg?strip=info&#038;w=900&#038;ssl=1 900w,https:\/\/i2.wp.com\/biscuitkid.ch\/wp-content\/uploads\/2020\/10\/01042931-1-1024x719-min.jpeg?strip=info&#038;w=1024&#038;ssl=1 1024w\"  alt=\"01042931-1-1024x719-min Chi siamo\"  data-height=\"719\" data-id=\"5940\" data-link=\"https:\/\/biscuitkid.ch\/index.php\/biscuitkid-chi-siamo-idea\/01042931-1-1024x719-min\/\" data-url=\"https:\/\/biscuitkid.ch\/wp-content\/uploads\/2020\/10\/01042931-1-1024x719-min.jpeg\" data-width=\"1024\" src=\"https:\/\/i2.wp.com\/biscuitkid.ch\/wp-content\/uploads\/2020\/10\/01042931-1-1024x719-min.jpeg?ssl=1\" data-amp-layout=\"responsive\" tabindex=\"0\" role=\"button\" aria-label=\"Apri immagine 9 di 10 a schermo intero\"\/><\/a><\/figure><\/div><div class=\"tiled-gallery__col\" style=\"flex-basis:19.124542146209105%\"><figure class=\"tiled-gallery__item\"><a href=\"https:\/\/i0.wp.com\/biscuitkid.ch\/wp-content\/uploads\/2020\/10\/01042930-682x1024-min.jpeg?ssl=1\"><img  title=\"\" decoding=\"async\" srcset=\"https:\/\/i0.wp.com\/biscuitkid.ch\/wp-content\/uploads\/2020\/10\/01042930-682x1024-min.jpeg?strip=info&#038;w=600&#038;ssl=1 600w,https:\/\/i0.wp.com\/biscuitkid.ch\/wp-content\/uploads\/2020\/10\/01042930-682x1024-min.jpeg?strip=info&#038;w=682&#038;ssl=1 682w\"  alt=\"01042930-682x1024-min Chi siamo\"  data-height=\"1024\" data-id=\"5941\" data-link=\"https:\/\/biscuitkid.ch\/index.php\/biscuitkid-chi-siamo-idea\/01042930-682x1024-min\/\" data-url=\"https:\/\/biscuitkid.ch\/wp-content\/uploads\/2020\/10\/01042930-682x1024-min.jpeg\" data-width=\"682\" src=\"https:\/\/i0.wp.com\/biscuitkid.ch\/wp-content\/uploads\/2020\/10\/01042930-682x1024-min.jpeg?ssl=1\" data-amp-layout=\"responsive\" tabindex=\"0\" role=\"button\" aria-label=\"Apri immagine 10 di 10 a schermo intero\"\/><\/a><\/figure><\/div><\/div><\/div><\/div><\/div>\n","protected":false},"excerpt":{"rendered":"<p>Biscuitkid e l&#8217;idea Immergiti nel mondo incantato della moda per neonati e bambini con Biscuitkid! Scoprilo negozio fisico a Chiasso, Ticino, Svizzera per un&#8217;esperienza di shopping senza confini. Con una selezione curata di abbigliamento e accessori realizzati con cotoni organici e materiali d&#8217;eccellenza, garantiamo il massimo comfort e stile per i tuoi piccoli. Spedizioni rapide [&hellip;]<\/p>\n","protected":false},"author":1,"featured_media":0,"parent":0,"menu_order":0,"comment_status":"closed","ping_status":"closed","template":"template-about.php","meta":{"om_disable_all_campaigns":false,"_monsterinsights_skip_tracking":false,"_monsterinsights_sitenote_active":false,"_monsterinsights_sitenote_note":"","_monsterinsights_sitenote_category":0,"footnotes":""},"class_list":["post-767","page","type-page","status-publish","hentry"],"yoast_head":"<!-- This site is optimized with the Yoast SEO plugin v27.4 - https:\/\/yoast.com\/product\/yoast-seo-wordpress\/ -->\n<title>Biscuitkid negozio d\u2019abbigliamento ed accessori per bambini e neonati<\/title>\n<meta name=\"description\" content=\"Biscuitkid negozio d\u2019abbigliamento ed accessori per bambini e neonati. Negozio a Chiasso, Ticino, Svizzera. Cotone biologico e prodotti di qualit\u00e0\" \/>\n<meta name=\"robots\" content=\"index, follow, max-snippet:-1, max-image-preview:large, max-video-preview:-1\" \/>\n<link rel=\"canonical\" href=\"https:\/\/biscuitkid.ch\/index.php\/biscuitkid-negozio-dabbigliamento-ed-accessori-per-bambini-e-neonati\/\" \/>\n<meta property=\"og:locale\" content=\"it_IT\" \/>\n<meta property=\"og:type\" content=\"article\" \/>\n<meta property=\"og:title\" content=\"Biscuitkid negozio d\u2019abbigliamento ed accessori per bambini e neonati\" \/>\n<meta property=\"og:description\" content=\"Biscuitkid negozio d\u2019abbigliamento ed accessori per bambini e neonati. Negozio a Chiasso, Ticino, Svizzera. Cotone biologico e prodotti di qualit\u00e0\" \/>\n<meta property=\"og:url\" content=\"https:\/\/biscuitkid.ch\/index.php\/biscuitkid-negozio-dabbigliamento-ed-accessori-per-bambini-e-neonati\/\" \/>\n<meta property=\"og:site_name\" content=\"Biscuitkid abbigliamento neonati e bambini\" \/>\n<meta property=\"article:publisher\" content=\"https:\/\/it-it.facebook.com\/biscuitkid.ch\/\" \/>\n<meta property=\"article:modified_time\" content=\"2024-08-24T13:15:38+00:00\" \/>\n<meta property=\"og:image\" content=\"https:\/\/i2.wp.com\/biscuitkid.ch\/wp-content\/uploads\/2019\/09\/interno-bella.jpg?ssl=1\" \/>\n<meta name=\"twitter:card\" content=\"summary_large_image\" \/>\n<meta name=\"twitter:label1\" content=\"Tempo di lettura stimato\" \/>\n\t<meta name=\"twitter:data1\" content=\"4 minuti\" \/>\n<script type=\"application\/ld+json\" class=\"yoast-schema-graph\">{\"@context\":\"https:\\\/\\\/schema.org\",\"@graph\":[{\"@type\":\"WebPage\",\"@id\":\"https:\\\/\\\/biscuitkid.ch\\\/index.php\\\/biscuitkid-negozio-dabbigliamento-ed-accessori-per-bambini-e-neonati\\\/\",\"url\":\"https:\\\/\\\/biscuitkid.ch\\\/index.php\\\/biscuitkid-negozio-dabbigliamento-ed-accessori-per-bambini-e-neonati\\\/\",\"name\":\"Biscuitkid negozio d\u2019abbigliamento ed accessori per bambini e neonati\",\"isPartOf\":{\"@id\":\"https:\\\/\\\/biscuitkid.ch\\\/#website\"},\"primaryImageOfPage\":{\"@id\":\"https:\\\/\\\/biscuitkid.ch\\\/index.php\\\/biscuitkid-negozio-dabbigliamento-ed-accessori-per-bambini-e-neonati\\\/#primaryimage\"},\"image\":{\"@id\":\"https:\\\/\\\/biscuitkid.ch\\\/index.php\\\/biscuitkid-negozio-dabbigliamento-ed-accessori-per-bambini-e-neonati\\\/#primaryimage\"},\"thumbnailUrl\":\"https:\\\/\\\/i2.wp.com\\\/biscuitkid.ch\\\/wp-content\\\/uploads\\\/2019\\\/09\\\/interno-bella.jpg?ssl=1\",\"datePublished\":\"2019-09-05T10:57:02+00:00\",\"dateModified\":\"2024-08-24T13:15:38+00:00\",\"description\":\"Biscuitkid negozio d\u2019abbigliamento ed accessori per bambini e neonati. Negozio a Chiasso, Ticino, Svizzera. Cotone biologico e prodotti di qualit\u00e0\",\"breadcrumb\":{\"@id\":\"https:\\\/\\\/biscuitkid.ch\\\/index.php\\\/biscuitkid-negozio-dabbigliamento-ed-accessori-per-bambini-e-neonati\\\/#breadcrumb\"},\"inLanguage\":\"it-IT\",\"potentialAction\":[{\"@type\":\"ReadAction\",\"target\":[\"https:\\\/\\\/biscuitkid.ch\\\/index.php\\\/biscuitkid-negozio-dabbigliamento-ed-accessori-per-bambini-e-neonati\\\/\"]}]},{\"@type\":\"ImageObject\",\"inLanguage\":\"it-IT\",\"@id\":\"https:\\\/\\\/biscuitkid.ch\\\/index.php\\\/biscuitkid-negozio-dabbigliamento-ed-accessori-per-bambini-e-neonati\\\/#primaryimage\",\"url\":\"https:\\\/\\\/i2.wp.com\\\/biscuitkid.ch\\\/wp-content\\\/uploads\\\/2019\\\/09\\\/interno-bella.jpg?ssl=1\",\"contentUrl\":\"https:\\\/\\\/i2.wp.com\\\/biscuitkid.ch\\\/wp-content\\\/uploads\\\/2019\\\/09\\\/interno-bella.jpg?ssl=1\"},{\"@type\":\"BreadcrumbList\",\"@id\":\"https:\\\/\\\/biscuitkid.ch\\\/index.php\\\/biscuitkid-negozio-dabbigliamento-ed-accessori-per-bambini-e-neonati\\\/#breadcrumb\",\"itemListElement\":[{\"@type\":\"ListItem\",\"position\":1,\"name\":\"Home\",\"item\":\"https:\\\/\\\/biscuitkid.ch\\\/\"},{\"@type\":\"ListItem\",\"position\":2,\"name\":\"Chi siamo\"}]},{\"@type\":\"WebSite\",\"@id\":\"https:\\\/\\\/biscuitkid.ch\\\/#website\",\"url\":\"https:\\\/\\\/biscuitkid.ch\\\/\",\"name\":\"Biscuitkid\",\"description\":\"Vestiti e Felici\",\"publisher\":{\"@id\":\"https:\\\/\\\/biscuitkid.ch\\\/#organization\"},\"potentialAction\":[{\"@type\":\"SearchAction\",\"target\":{\"@type\":\"EntryPoint\",\"urlTemplate\":\"https:\\\/\\\/biscuitkid.ch\\\/?s={search_term_string}\"},\"query-input\":{\"@type\":\"PropertyValueSpecification\",\"valueRequired\":true,\"valueName\":\"search_term_string\"}}],\"inLanguage\":\"it-IT\"},{\"@type\":\"Organization\",\"@id\":\"https:\\\/\\\/biscuitkid.ch\\\/#organization\",\"name\":\"biscuitkid\",\"url\":\"https:\\\/\\\/biscuitkid.ch\\\/\",\"logo\":{\"@type\":\"ImageObject\",\"inLanguage\":\"it-IT\",\"@id\":\"https:\\\/\\\/biscuitkid.ch\\\/#\\\/schema\\\/logo\\\/image\\\/\",\"url\":\"\",\"contentUrl\":\"\",\"caption\":\"biscuitkid\"},\"image\":{\"@id\":\"https:\\\/\\\/biscuitkid.ch\\\/#\\\/schema\\\/logo\\\/image\\\/\"},\"sameAs\":[\"https:\\\/\\\/it-it.facebook.com\\\/biscuitkid.ch\\\/\",\"https:\\\/\\\/www.instagram.com\\\/biscuitkid2.0\\\/\"]}]}<\/script>\n<!-- \/ Yoast SEO plugin. -->","yoast_head_json":{"title":"Biscuitkid negozio d\u2019abbigliamento ed accessori per bambini e neonati","description":"Biscuitkid negozio d\u2019abbigliamento ed accessori per bambini e neonati. Negozio a Chiasso, Ticino, Svizzera. Cotone biologico e prodotti di qualit\u00e0","robots":{"index":"index","follow":"follow","max-snippet":"max-snippet:-1","max-image-preview":"max-image-preview:large","max-video-preview":"max-video-preview:-1"},"canonical":"https:\/\/biscuitkid.ch\/index.php\/biscuitkid-negozio-dabbigliamento-ed-accessori-per-bambini-e-neonati\/","og_locale":"it_IT","og_type":"article","og_title":"Biscuitkid negozio d\u2019abbigliamento ed accessori per bambini e neonati","og_description":"Biscuitkid negozio d\u2019abbigliamento ed accessori per bambini e neonati. Negozio a Chiasso, Ticino, Svizzera. Cotone biologico e prodotti di qualit\u00e0","og_url":"https:\/\/biscuitkid.ch\/index.php\/biscuitkid-negozio-dabbigliamento-ed-accessori-per-bambini-e-neonati\/","og_site_name":"Biscuitkid abbigliamento neonati e bambini","article_publisher":"https:\/\/it-it.facebook.com\/biscuitkid.ch\/","article_modified_time":"2024-08-24T13:15:38+00:00","og_image":[{"url":"https:\/\/i2.wp.com\/biscuitkid.ch\/wp-content\/uploads\/2019\/09\/interno-bella.jpg?ssl=1","type":"","width":"","height":""}],"twitter_card":"summary_large_image","twitter_misc":{"Tempo di lettura stimato":"4 minuti"},"schema":{"@context":"https:\/\/schema.org","@graph":[{"@type":"WebPage","@id":"https:\/\/biscuitkid.ch\/index.php\/biscuitkid-negozio-dabbigliamento-ed-accessori-per-bambini-e-neonati\/","url":"https:\/\/biscuitkid.ch\/index.php\/biscuitkid-negozio-dabbigliamento-ed-accessori-per-bambini-e-neonati\/","name":"Biscuitkid negozio d\u2019abbigliamento ed accessori per bambini e neonati","isPartOf":{"@id":"https:\/\/biscuitkid.ch\/#website"},"primaryImageOfPage":{"@id":"https:\/\/biscuitkid.ch\/index.php\/biscuitkid-negozio-dabbigliamento-ed-accessori-per-bambini-e-neonati\/#primaryimage"},"image":{"@id":"https:\/\/biscuitkid.ch\/index.php\/biscuitkid-negozio-dabbigliamento-ed-accessori-per-bambini-e-neonati\/#primaryimage"},"thumbnailUrl":"https:\/\/i2.wp.com\/biscuitkid.ch\/wp-content\/uploads\/2019\/09\/interno-bella.jpg?ssl=1","datePublished":"2019-09-05T10:57:02+00:00","dateModified":"2024-08-24T13:15:38+00:00","description":"Biscuitkid negozio d\u2019abbigliamento ed accessori per bambini e neonati. Negozio a Chiasso, Ticino, Svizzera. Cotone biologico e prodotti di qualit\u00e0","breadcrumb":{"@id":"https:\/\/biscuitkid.ch\/index.php\/biscuitkid-negozio-dabbigliamento-ed-accessori-per-bambini-e-neonati\/#breadcrumb"},"inLanguage":"it-IT","potentialAction":[{"@type":"ReadAction","target":["https:\/\/biscuitkid.ch\/index.php\/biscuitkid-negozio-dabbigliamento-ed-accessori-per-bambini-e-neonati\/"]}]},{"@type":"ImageObject","inLanguage":"it-IT","@id":"https:\/\/biscuitkid.ch\/index.php\/biscuitkid-negozio-dabbigliamento-ed-accessori-per-bambini-e-neonati\/#primaryimage","url":"https:\/\/i2.wp.com\/biscuitkid.ch\/wp-content\/uploads\/2019\/09\/interno-bella.jpg?ssl=1","contentUrl":"https:\/\/i2.wp.com\/biscuitkid.ch\/wp-content\/uploads\/2019\/09\/interno-bella.jpg?ssl=1"},{"@type":"BreadcrumbList","@id":"https:\/\/biscuitkid.ch\/index.php\/biscuitkid-negozio-dabbigliamento-ed-accessori-per-bambini-e-neonati\/#breadcrumb","itemListElement":[{"@type":"ListItem","position":1,"name":"Home","item":"https:\/\/biscuitkid.ch\/"},{"@type":"ListItem","position":2,"name":"Chi siamo"}]},{"@type":"WebSite","@id":"https:\/\/biscuitkid.ch\/#website","url":"https:\/\/biscuitkid.ch\/","name":"Biscuitkid","description":"Vestiti e Felici","publisher":{"@id":"https:\/\/biscuitkid.ch\/#organization"},"potentialAction":[{"@type":"SearchAction","target":{"@type":"EntryPoint","urlTemplate":"https:\/\/biscuitkid.ch\/?s={search_term_string}"},"query-input":{"@type":"PropertyValueSpecification","valueRequired":true,"valueName":"search_term_string"}}],"inLanguage":"it-IT"},{"@type":"Organization","@id":"https:\/\/biscuitkid.ch\/#organization","name":"biscuitkid","url":"https:\/\/biscuitkid.ch\/","logo":{"@type":"ImageObject","inLanguage":"it-IT","@id":"https:\/\/biscuitkid.ch\/#\/schema\/logo\/image\/","url":"","contentUrl":"","caption":"biscuitkid"},"image":{"@id":"https:\/\/biscuitkid.ch\/#\/schema\/logo\/image\/"},"sameAs":["https:\/\/it-it.facebook.com\/biscuitkid.ch\/","https:\/\/www.instagram.com\/biscuitkid2.0\/"]}]}},"jetpack_sharing_enabled":true,"_links":{"self":[{"href":"https:\/\/biscuitkid.ch\/index.php\/wp-json\/wp\/v2\/pages\/767","targetHints":{"allow":["GET"]}}],"collection":[{"href":"https:\/\/biscuitkid.ch\/index.php\/wp-json\/wp\/v2\/pages"}],"about":[{"href":"https:\/\/biscuitkid.ch\/index.php\/wp-json\/wp\/v2\/types\/page"}],"author":[{"embeddable":true,"href":"https:\/\/biscuitkid.ch\/index.php\/wp-json\/wp\/v2\/users\/1"}],"replies":[{"embeddable":true,"href":"https:\/\/biscuitkid.ch\/index.php\/wp-json\/wp\/v2\/comments?post=767"}],"version-history":[{"count":18,"href":"https:\/\/biscuitkid.ch\/index.php\/wp-json\/wp\/v2\/pages\/767\/revisions"}],"predecessor-version":[{"id":18876,"href":"https:\/\/biscuitkid.ch\/index.php\/wp-json\/wp\/v2\/pages\/767\/revisions\/18876"}],"wp:attachment":[{"href":"https:\/\/biscuitkid.ch\/index.php\/wp-json\/wp\/v2\/media?parent=767"}],"curies":[{"name":"wp","href":"https:\/\/api.w.org\/{rel}","templated":true}]}}