{"id":21086,"date":"2025-09-25T14:19:14","date_gmt":"2025-09-25T14:19:14","guid":{"rendered":"https:\/\/biscuitkid.ch\/?post_type=product&#038;p=21086"},"modified":"2026-02-05T12:16:00","modified_gmt":"2026-02-05T12:16:00","slug":"parka-impermeabile-desert-fox-cozmo-brand-blu","status":"publish","type":"product","link":"https:\/\/biscuitkid.ch\/index.php\/prodotto\/parka-impermeabile-desert-fox-cozmo-brand-blu\/","title":{"rendered":"Parka Impermeabile Desert Fox &#8211; Gosoaky &#8211; Blu"},"content":{"rendered":"<p>PARKA IMPERMEABILE<\/p>\n<p>Il parka impermeabile pi\u00f9 venduto, DESERT FOX, \u00e8 il migliore amico di ogni bambino durante i mesi pi\u00f9 bui. La fodera in pelliccia sintetica e l&#8217;imbottitura media rendono questo modello super confortevole e facile da abbinare a qualsiasi outfit. La combinazione di dettagli tecnici e una silhouette classica lo rendono perfetto per essere indossato dalla vita in citt\u00e0 alle avventure all&#8217;aria aperta e ritorno.<\/p>\n<p>IMPERMEABILE<br \/>\nTutte le cuciture sono sigillate ermeticamente in modo che l&#8217;acqua non possa penetrare nel capo.<br \/>\nQuesto materiale traspirante ha un rivestimento impermeabile fino a una pressione di colonna di 8000 mm per resistere a forti piogge. \u00c8 stata applicata una finitura idrorepellente Bionic Finish\u00ae extra resistente in modo che l&#8217;acqua scivoli via dal materiale. Si prega di notare che la finitura deve essere trattata di tanto in tanto con la nostra finitura idrorepellente ecologica per mantenerne la piena efficacia. Disponibile nel nostro negozio.<\/p>\n<p>DETTAGLI<br \/>\n\u2022 Grado di impermeabilit\u00e0: forti piogge<br \/>\n\u2022 Pressione di colonna di 8000 mm<br \/>\n\u2022 Cuciture nastrate<br \/>\n\u2022 Materiale ad alte prestazioni: Dense Micro Twill realizzato in filato riciclato<br \/>\n\u2022 DWR Bionic Finish\u00ae Eco; Il componente idrorepellente profondo utilizzato si basa su una formula senza fluoro.<br \/>\n\u2022 Striscia di sicurezza riflettente nella piccola tasca sul retro del capo.<\/p>\n","protected":false},"excerpt":{"rendered":"<p>PARKA IMPERMEABILE<\/p>\n<p>Il parka impermeabile pi\u00f9 venduto, DESERT FOX, \u00e8 il migliore amico di ogni bambino durante i mesi pi\u00f9 bui. La fodera in pelliccia sintetica e l&#8217;imbottitura media rendono questo modello super confortevole e facile da abbinare a qualsiasi outfit. La combinazione di dettagli tecnici e una silhouette classica lo rendono perfetto per essere indossato dalla vita in citt\u00e0 alle avventure all&#8217;aria aperta e ritorno.<\/p>\n<p>IMPERMEABILE<br \/>\nTutte le cuciture sono sigillate ermeticamente in modo che l&#8217;acqua non possa penetrare nel capo.<br \/>\nQuesto materiale traspirante ha un rivestimento impermeabile fino a una pressione di colonna di 8000 mm per resistere a forti piogge. \u00c8 stata applicata una finitura idrorepellente Bionic Finish\u00ae extra resistente in modo che l&#8217;acqua scivoli via dal materiale. Si prega di notare che la finitura deve essere trattata di tanto in tanto con la nostra finitura idrorepellente ecologica per mantenerne la piena efficacia. Disponibile nel nostro negozio.<\/p>\n<p>DETTAGLI<br \/>\n\u2022 Grado di impermeabilit\u00e0: forti piogge<br \/>\n\u2022 Pressione di colonna di 8000 mm<br \/>\n\u2022 Cuciture nastrate<br \/>\n\u2022 Materiale ad alte prestazioni: Dense Micro Twill realizzato in filato riciclato<br \/>\n\u2022 DWR Bionic Finish\u00ae Eco; Il componente idrorepellente profondo utilizzato si basa su una formula senza fluoro.<br \/>\n\u2022 Striscia di sicurezza riflettente nella piccola tasca sul retro del capo.<\/p>\n","protected":false},"featured_media":21094,"template":"","meta":{"om_disable_all_campaigns":false,"_monsterinsights_skip_tracking":false,"_monsterinsights_sitenote_active":false,"_monsterinsights_sitenote_note":"","_monsterinsights_sitenote_category":0,"jetpack_publicize_message":"","jetpack_publicize_feature_enabled":true,"jetpack_social_post_already_shared":true,"jetpack_social_options":{"image_generator_settings":{"template":"highway","default_image_id":0,"font":"","enabled":false},"version":2}},"product_brand":[],"product_cat":[141,213,161,176,179,160,177,178,188],"product_tag":[],"class_list":{"0":"post-21086","1":"product","2":"type-product","3":"status-publish","4":"has-post-thumbnail","6":"product_cat-acquista-per-brand","7":"product_cat-acquista-per-eta","8":"product_cat-bambina","9":"product_cat-bambina-3-6-anni","10":"product_cat-bambina-7-14-anni","11":"product_cat-bambino","12":"product_cat-bambino-3-6-anni","13":"product_cat-bambino-7-12-anni","14":"product_cat-gosoaky","16":"first","17":"instock","18":"shipping-taxable","19":"purchasable","20":"product-type-variable"},"yoast_head":"<!-- This site is optimized with the Yoast SEO plugin v27.4 - https:\/\/yoast.com\/product\/yoast-seo-wordpress\/ -->\n<title>Parka Desert fox Blu- Gosoaky | Biscuitkid<\/title>\n<meta name=\"description\" content=\"Parka impermeabile con fodera in pelliccia sintetica imbottitura media, modello super confortevole, colore blu.- ci trovi online su Biscuitkid.ch\" \/>\n<meta name=\"robots\" content=\"index, follow, max-snippet:-1, max-image-preview:large, max-video-preview:-1\" \/>\n<link rel=\"canonical\" href=\"https:\/\/biscuitkid.ch\/index.php\/prodotto\/parka-impermeabile-desert-fox-cozmo-brand-blu\/\" \/>\n<meta property=\"og:locale\" content=\"it_IT\" \/>\n<meta property=\"og:type\" content=\"article\" \/>\n<meta property=\"og:title\" content=\"Parka Desert fox Blu- Gosoaky | Biscuitkid\" \/>\n<meta property=\"og:description\" content=\"Parka impermeabile con fodera in pelliccia sintetica imbottitura media, modello super confortevole, colore blu.- ci trovi online su Biscuitkid.ch\" \/>\n<meta property=\"og:url\" content=\"https:\/\/biscuitkid.ch\/index.php\/prodotto\/parka-impermeabile-desert-fox-cozmo-brand-blu\/\" \/>\n<meta property=\"og:site_name\" content=\"Biscuitkid abbigliamento neonati e bambini\" \/>\n<meta property=\"article:publisher\" content=\"https:\/\/it-it.facebook.com\/biscuitkid.ch\/\" \/>\n<meta property=\"article:modified_time\" content=\"2026-02-05T12:16:00+00:00\" \/>\n<meta property=\"og:image\" content=\"https:\/\/biscuitkid.ch\/wp-content\/uploads\/2025\/09\/GOSOAKY_PS_AW25_DESERT-FOX_SKY-CAPTAIN-BLUE_3.jpg\" \/>\n\t<meta property=\"og:image:width\" content=\"1406\" \/>\n\t<meta property=\"og:image:height\" content=\"1406\" \/>\n\t<meta property=\"og:image:type\" content=\"image\/jpeg\" \/>\n<meta name=\"twitter:card\" content=\"summary_large_image\" \/>\n<meta name=\"twitter:label1\" content=\"Tempo di lettura stimato\" \/>\n\t<meta name=\"twitter:data1\" content=\"2 minuti\" \/>\n<script type=\"application\/ld+json\" class=\"yoast-schema-graph\">{\"@context\":\"https:\\\/\\\/schema.org\",\"@graph\":[{\"@type\":\"WebPage\",\"@id\":\"https:\\\/\\\/biscuitkid.ch\\\/index.php\\\/prodotto\\\/parka-impermeabile-desert-fox-cozmo-brand-blu\\\/\",\"url\":\"https:\\\/\\\/biscuitkid.ch\\\/index.php\\\/prodotto\\\/parka-impermeabile-desert-fox-cozmo-brand-blu\\\/\",\"name\":\"Parka Desert fox Blu- Gosoaky | Biscuitkid\",\"isPartOf\":{\"@id\":\"https:\\\/\\\/biscuitkid.ch\\\/#website\"},\"primaryImageOfPage\":{\"@id\":\"https:\\\/\\\/biscuitkid.ch\\\/index.php\\\/prodotto\\\/parka-impermeabile-desert-fox-cozmo-brand-blu\\\/#primaryimage\"},\"image\":{\"@id\":\"https:\\\/\\\/biscuitkid.ch\\\/index.php\\\/prodotto\\\/parka-impermeabile-desert-fox-cozmo-brand-blu\\\/#primaryimage\"},\"thumbnailUrl\":\"https:\\\/\\\/i0.wp.com\\\/biscuitkid.ch\\\/wp-content\\\/uploads\\\/2025\\\/09\\\/GOSOAKY_PS_AW25_DESERT-FOX_SKY-CAPTAIN-BLUE_3.jpg?fit=1406%2C1406&ssl=1\",\"datePublished\":\"2025-09-25T14:19:14+00:00\",\"dateModified\":\"2026-02-05T12:16:00+00:00\",\"description\":\"Parka impermeabile con fodera in pelliccia sintetica imbottitura media, modello super confortevole, colore blu.- ci trovi online su Biscuitkid.ch\",\"breadcrumb\":{\"@id\":\"https:\\\/\\\/biscuitkid.ch\\\/index.php\\\/prodotto\\\/parka-impermeabile-desert-fox-cozmo-brand-blu\\\/#breadcrumb\"},\"inLanguage\":\"it-IT\",\"potentialAction\":[{\"@type\":\"ReadAction\",\"target\":[\"https:\\\/\\\/biscuitkid.ch\\\/index.php\\\/prodotto\\\/parka-impermeabile-desert-fox-cozmo-brand-blu\\\/\"]}]},{\"@type\":\"ImageObject\",\"inLanguage\":\"it-IT\",\"@id\":\"https:\\\/\\\/biscuitkid.ch\\\/index.php\\\/prodotto\\\/parka-impermeabile-desert-fox-cozmo-brand-blu\\\/#primaryimage\",\"url\":\"https:\\\/\\\/i0.wp.com\\\/biscuitkid.ch\\\/wp-content\\\/uploads\\\/2025\\\/09\\\/GOSOAKY_PS_AW25_DESERT-FOX_SKY-CAPTAIN-BLUE_3.jpg?fit=1406%2C1406&ssl=1\",\"contentUrl\":\"https:\\\/\\\/i0.wp.com\\\/biscuitkid.ch\\\/wp-content\\\/uploads\\\/2025\\\/09\\\/GOSOAKY_PS_AW25_DESERT-FOX_SKY-CAPTAIN-BLUE_3.jpg?fit=1406%2C1406&ssl=1\",\"width\":1406,\"height\":1406},{\"@type\":\"BreadcrumbList\",\"@id\":\"https:\\\/\\\/biscuitkid.ch\\\/index.php\\\/prodotto\\\/parka-impermeabile-desert-fox-cozmo-brand-blu\\\/#breadcrumb\",\"itemListElement\":[{\"@type\":\"ListItem\",\"position\":1,\"name\":\"Home\",\"item\":\"https:\\\/\\\/biscuitkid.ch\\\/\"},{\"@type\":\"ListItem\",\"position\":2,\"name\":\"Shop\",\"item\":\"https:\\\/\\\/biscuitkid.ch\\\/index.php\\\/negozio\\\/\"},{\"@type\":\"ListItem\",\"position\":3,\"name\":\"Parka Impermeabile Desert Fox &#8211; Gosoaky &#8211; Blu\"}]},{\"@type\":\"WebSite\",\"@id\":\"https:\\\/\\\/biscuitkid.ch\\\/#website\",\"url\":\"https:\\\/\\\/biscuitkid.ch\\\/\",\"name\":\"Biscuitkid\",\"description\":\"Vestiti e Felici\",\"publisher\":{\"@id\":\"https:\\\/\\\/biscuitkid.ch\\\/#organization\"},\"potentialAction\":[{\"@type\":\"SearchAction\",\"target\":{\"@type\":\"EntryPoint\",\"urlTemplate\":\"https:\\\/\\\/biscuitkid.ch\\\/?s={search_term_string}\"},\"query-input\":{\"@type\":\"PropertyValueSpecification\",\"valueRequired\":true,\"valueName\":\"search_term_string\"}}],\"inLanguage\":\"it-IT\"},{\"@type\":\"Organization\",\"@id\":\"https:\\\/\\\/biscuitkid.ch\\\/#organization\",\"name\":\"biscuitkid\",\"url\":\"https:\\\/\\\/biscuitkid.ch\\\/\",\"logo\":{\"@type\":\"ImageObject\",\"inLanguage\":\"it-IT\",\"@id\":\"https:\\\/\\\/biscuitkid.ch\\\/#\\\/schema\\\/logo\\\/image\\\/\",\"url\":\"\",\"contentUrl\":\"\",\"caption\":\"biscuitkid\"},\"image\":{\"@id\":\"https:\\\/\\\/biscuitkid.ch\\\/#\\\/schema\\\/logo\\\/image\\\/\"},\"sameAs\":[\"https:\\\/\\\/it-it.facebook.com\\\/biscuitkid.ch\\\/\",\"https:\\\/\\\/www.instagram.com\\\/biscuitkid2.0\\\/\"]}]}<\/script>\n<!-- \/ Yoast SEO plugin. -->","yoast_head_json":{"title":"Parka Desert fox Blu- Gosoaky | Biscuitkid","description":"Parka impermeabile con fodera in pelliccia sintetica imbottitura media, modello super confortevole, colore blu.- ci trovi online su Biscuitkid.ch","robots":{"index":"index","follow":"follow","max-snippet":"max-snippet:-1","max-image-preview":"max-image-preview:large","max-video-preview":"max-video-preview:-1"},"canonical":"https:\/\/biscuitkid.ch\/index.php\/prodotto\/parka-impermeabile-desert-fox-cozmo-brand-blu\/","og_locale":"it_IT","og_type":"article","og_title":"Parka Desert fox Blu- Gosoaky | Biscuitkid","og_description":"Parka impermeabile con fodera in pelliccia sintetica imbottitura media, modello super confortevole, colore blu.- ci trovi online su Biscuitkid.ch","og_url":"https:\/\/biscuitkid.ch\/index.php\/prodotto\/parka-impermeabile-desert-fox-cozmo-brand-blu\/","og_site_name":"Biscuitkid abbigliamento neonati e bambini","article_publisher":"https:\/\/it-it.facebook.com\/biscuitkid.ch\/","article_modified_time":"2026-02-05T12:16:00+00:00","og_image":[{"width":1406,"height":1406,"url":"https:\/\/biscuitkid.ch\/wp-content\/uploads\/2025\/09\/GOSOAKY_PS_AW25_DESERT-FOX_SKY-CAPTAIN-BLUE_3.jpg","type":"image\/jpeg"}],"twitter_card":"summary_large_image","twitter_misc":{"Tempo di lettura stimato":"2 minuti"},"schema":{"@context":"https:\/\/schema.org","@graph":[{"@type":"WebPage","@id":"https:\/\/biscuitkid.ch\/index.php\/prodotto\/parka-impermeabile-desert-fox-cozmo-brand-blu\/","url":"https:\/\/biscuitkid.ch\/index.php\/prodotto\/parka-impermeabile-desert-fox-cozmo-brand-blu\/","name":"Parka Desert fox Blu- Gosoaky | Biscuitkid","isPartOf":{"@id":"https:\/\/biscuitkid.ch\/#website"},"primaryImageOfPage":{"@id":"https:\/\/biscuitkid.ch\/index.php\/prodotto\/parka-impermeabile-desert-fox-cozmo-brand-blu\/#primaryimage"},"image":{"@id":"https:\/\/biscuitkid.ch\/index.php\/prodotto\/parka-impermeabile-desert-fox-cozmo-brand-blu\/#primaryimage"},"thumbnailUrl":"https:\/\/i0.wp.com\/biscuitkid.ch\/wp-content\/uploads\/2025\/09\/GOSOAKY_PS_AW25_DESERT-FOX_SKY-CAPTAIN-BLUE_3.jpg?fit=1406%2C1406&ssl=1","datePublished":"2025-09-25T14:19:14+00:00","dateModified":"2026-02-05T12:16:00+00:00","description":"Parka impermeabile con fodera in pelliccia sintetica imbottitura media, modello super confortevole, colore blu.- ci trovi online su Biscuitkid.ch","breadcrumb":{"@id":"https:\/\/biscuitkid.ch\/index.php\/prodotto\/parka-impermeabile-desert-fox-cozmo-brand-blu\/#breadcrumb"},"inLanguage":"it-IT","potentialAction":[{"@type":"ReadAction","target":["https:\/\/biscuitkid.ch\/index.php\/prodotto\/parka-impermeabile-desert-fox-cozmo-brand-blu\/"]}]},{"@type":"ImageObject","inLanguage":"it-IT","@id":"https:\/\/biscuitkid.ch\/index.php\/prodotto\/parka-impermeabile-desert-fox-cozmo-brand-blu\/#primaryimage","url":"https:\/\/i0.wp.com\/biscuitkid.ch\/wp-content\/uploads\/2025\/09\/GOSOAKY_PS_AW25_DESERT-FOX_SKY-CAPTAIN-BLUE_3.jpg?fit=1406%2C1406&ssl=1","contentUrl":"https:\/\/i0.wp.com\/biscuitkid.ch\/wp-content\/uploads\/2025\/09\/GOSOAKY_PS_AW25_DESERT-FOX_SKY-CAPTAIN-BLUE_3.jpg?fit=1406%2C1406&ssl=1","width":1406,"height":1406},{"@type":"BreadcrumbList","@id":"https:\/\/biscuitkid.ch\/index.php\/prodotto\/parka-impermeabile-desert-fox-cozmo-brand-blu\/#breadcrumb","itemListElement":[{"@type":"ListItem","position":1,"name":"Home","item":"https:\/\/biscuitkid.ch\/"},{"@type":"ListItem","position":2,"name":"Shop","item":"https:\/\/biscuitkid.ch\/index.php\/negozio\/"},{"@type":"ListItem","position":3,"name":"Parka Impermeabile Desert Fox &#8211; Gosoaky &#8211; Blu"}]},{"@type":"WebSite","@id":"https:\/\/biscuitkid.ch\/#website","url":"https:\/\/biscuitkid.ch\/","name":"Biscuitkid","description":"Vestiti e Felici","publisher":{"@id":"https:\/\/biscuitkid.ch\/#organization"},"potentialAction":[{"@type":"SearchAction","target":{"@type":"EntryPoint","urlTemplate":"https:\/\/biscuitkid.ch\/?s={search_term_string}"},"query-input":{"@type":"PropertyValueSpecification","valueRequired":true,"valueName":"search_term_string"}}],"inLanguage":"it-IT"},{"@type":"Organization","@id":"https:\/\/biscuitkid.ch\/#organization","name":"biscuitkid","url":"https:\/\/biscuitkid.ch\/","logo":{"@type":"ImageObject","inLanguage":"it-IT","@id":"https:\/\/biscuitkid.ch\/#\/schema\/logo\/image\/","url":"","contentUrl":"","caption":"biscuitkid"},"image":{"@id":"https:\/\/biscuitkid.ch\/#\/schema\/logo\/image\/"},"sameAs":["https:\/\/it-it.facebook.com\/biscuitkid.ch\/","https:\/\/www.instagram.com\/biscuitkid2.0\/"]}]}},"jetpack_publicize_connections":[],"jetpack_sharing_enabled":true,"_links":{"self":[{"href":"https:\/\/biscuitkid.ch\/index.php\/wp-json\/wp\/v2\/product\/21086","targetHints":{"allow":["GET"]}}],"collection":[{"href":"https:\/\/biscuitkid.ch\/index.php\/wp-json\/wp\/v2\/product"}],"about":[{"href":"https:\/\/biscuitkid.ch\/index.php\/wp-json\/wp\/v2\/types\/product"}],"wp:featuredmedia":[{"embeddable":true,"href":"https:\/\/biscuitkid.ch\/index.php\/wp-json\/wp\/v2\/media\/21094"}],"wp:attachment":[{"href":"https:\/\/biscuitkid.ch\/index.php\/wp-json\/wp\/v2\/media?parent=21086"}],"wp:term":[{"taxonomy":"product_brand","embeddable":true,"href":"https:\/\/biscuitkid.ch\/index.php\/wp-json\/wp\/v2\/product_brand?post=21086"},{"taxonomy":"product_cat","embeddable":true,"href":"https:\/\/biscuitkid.ch\/index.php\/wp-json\/wp\/v2\/product_cat?post=21086"},{"taxonomy":"product_tag","embeddable":true,"href":"https:\/\/biscuitkid.ch\/index.php\/wp-json\/wp\/v2\/product_tag?post=21086"}],"curies":[{"name":"wp","href":"https:\/\/api.w.org\/{rel}","templated":true}]}}