{"id":3280,"date":"2020-03-23T00:56:42","date_gmt":"2020-03-23T00:56:42","guid":{"rendered":"https:\/\/biscuitkid.ch\/?post_type=product&#038;p=3280"},"modified":"2021-02-02T13:00:35","modified_gmt":"2021-02-02T13:00:35","slug":"calzini-alti-cotone-fantasia-check-bianchi-tinycottons","status":"publish","type":"product","link":"https:\/\/biscuitkid.ch\/index.php\/prodotto\/calzini-alti-cotone-fantasia-check-bianchi-tinycottons\/","title":{"rendered":"Calzini Alti Cotone Fantasia Check Bianchi Tinycottons"},"content":{"rendered":"<div class=\"description\">\n<div class=\"info\">\n<div class=\"description\">\n<div class=\"info\">Calzini alti base bianca design a quadri rosso e blu ceruleo. La composizione principale \u00e8 in cotone di alta qualit\u00e0 per renderlo pi\u00f9 resistente e offrire il massimo confort. Prodotto in Portogallo<\/div>\n<\/div>\n<div class=\"composition\"><\/div>\n<\/div>\n<\/div>\n<div class=\"composition\"><\/div>\n","protected":false},"excerpt":{"rendered":"<div class=\"description\">\n<div class=\"info\">\n<div class=\"description\">\n<div class=\"info\">Calzini alti base bianca design a quadri rosso e blu ceruleo. La composizione principale \u00e8 in cotone di alta qualit\u00e0 per renderlo pi\u00f9 resistente e offrire il massimo confort. Prodotto in Portogallo<\/div>\n<\/div>\n<div class=\"composition\"><\/div>\n<\/div>\n<\/div>\n<div class=\"composition\"><\/div>\n","protected":false},"featured_media":3285,"template":"","meta":{"om_disable_all_campaigns":false,"_monsterinsights_skip_tracking":false,"_monsterinsights_sitenote_active":false,"_monsterinsights_sitenote_note":"","_monsterinsights_sitenote_category":0,"jetpack_publicize_message":"","jetpack_publicize_feature_enabled":true,"jetpack_social_post_already_shared":false,"jetpack_social_options":{"image_generator_settings":{"template":"highway","default_image_id":0,"font":"","enabled":false},"version":2}},"product_brand":[],"product_cat":[141,161,160,135,133],"product_tag":[],"class_list":{"0":"post-3280","1":"product","2":"type-product","3":"status-publish","4":"has-post-thumbnail","6":"product_cat-acquista-per-brand","7":"product_cat-bambina","8":"product_cat-bambino","9":"product_cat-calzini","10":"product_cat-tinycottons","12":"first","13":"instock","14":"shipping-taxable","15":"purchasable","16":"product-type-variable"},"yoast_head":"<!-- This site is optimized with the Yoast SEO plugin v27.3 - https:\/\/yoast.com\/product\/yoast-seo-wordpress\/ -->\n<title>Calzini Alti Cotone Fantasia Check Bianchi Tinycottons - Biscuitkid abbigliamento neonati e bambini<\/title>\n<meta name=\"description\" content=\"Calzini alti base bianca, design a quadri rosso e blu. La composizione principale \u00e8 in cotone di alta qualit\u00e0. Prodotto in Portogallo\" \/>\n<meta name=\"robots\" content=\"index, follow, max-snippet:-1, max-image-preview:large, max-video-preview:-1\" \/>\n<link rel=\"canonical\" href=\"https:\/\/biscuitkid.ch\/index.php\/prodotto\/calzini-alti-cotone-fantasia-check-bianchi-tinycottons\/\" \/>\n<meta property=\"og:locale\" content=\"it_IT\" \/>\n<meta property=\"og:type\" content=\"article\" \/>\n<meta property=\"og:title\" content=\"Calzini Alti Cotone Fantasia Check Bianchi Tinycottons - Biscuitkid abbigliamento neonati e bambini\" \/>\n<meta property=\"og:description\" content=\"Calzini alti base bianca, design a quadri rosso e blu. La composizione principale \u00e8 in cotone di alta qualit\u00e0. Prodotto in Portogallo\" \/>\n<meta property=\"og:url\" content=\"https:\/\/biscuitkid.ch\/index.php\/prodotto\/calzini-alti-cotone-fantasia-check-bianchi-tinycottons\/\" \/>\n<meta property=\"og:site_name\" content=\"Biscuitkid abbigliamento neonati e bambini\" \/>\n<meta property=\"article:publisher\" content=\"https:\/\/it-it.facebook.com\/biscuitkid.ch\/\" \/>\n<meta property=\"article:modified_time\" content=\"2021-02-02T13:00:35+00:00\" \/>\n<meta property=\"og:image\" content=\"https:\/\/biscuitkid.ch\/wp-content\/uploads\/2020\/03\/SS20_302_D83_1-1.jpg\" \/>\n\t<meta property=\"og:image:width\" content=\"1200\" \/>\n\t<meta property=\"og:image:height\" content=\"1800\" \/>\n\t<meta property=\"og:image:type\" content=\"image\/jpeg\" \/>\n<meta name=\"twitter:card\" content=\"summary_large_image\" \/>\n<script type=\"application\/ld+json\" class=\"yoast-schema-graph\">{\"@context\":\"https:\\\/\\\/schema.org\",\"@graph\":[{\"@type\":\"WebPage\",\"@id\":\"https:\\\/\\\/biscuitkid.ch\\\/index.php\\\/prodotto\\\/calzini-alti-cotone-fantasia-check-bianchi-tinycottons\\\/\",\"url\":\"https:\\\/\\\/biscuitkid.ch\\\/index.php\\\/prodotto\\\/calzini-alti-cotone-fantasia-check-bianchi-tinycottons\\\/\",\"name\":\"Calzini Alti Cotone Fantasia Check Bianchi Tinycottons - Biscuitkid abbigliamento neonati e bambini\",\"isPartOf\":{\"@id\":\"https:\\\/\\\/biscuitkid.ch\\\/#website\"},\"primaryImageOfPage\":{\"@id\":\"https:\\\/\\\/biscuitkid.ch\\\/index.php\\\/prodotto\\\/calzini-alti-cotone-fantasia-check-bianchi-tinycottons\\\/#primaryimage\"},\"image\":{\"@id\":\"https:\\\/\\\/biscuitkid.ch\\\/index.php\\\/prodotto\\\/calzini-alti-cotone-fantasia-check-bianchi-tinycottons\\\/#primaryimage\"},\"thumbnailUrl\":\"https:\\\/\\\/i0.wp.com\\\/biscuitkid.ch\\\/wp-content\\\/uploads\\\/2020\\\/03\\\/SS20_302_D83_1-1.jpg?fit=1200%2C1800&ssl=1\",\"datePublished\":\"2020-03-23T00:56:42+00:00\",\"dateModified\":\"2021-02-02T13:00:35+00:00\",\"description\":\"Calzini alti base bianca, design a quadri rosso e blu. La composizione principale \u00e8 in cotone di alta qualit\u00e0. Prodotto in Portogallo\",\"breadcrumb\":{\"@id\":\"https:\\\/\\\/biscuitkid.ch\\\/index.php\\\/prodotto\\\/calzini-alti-cotone-fantasia-check-bianchi-tinycottons\\\/#breadcrumb\"},\"inLanguage\":\"it-IT\",\"potentialAction\":[{\"@type\":\"ReadAction\",\"target\":[\"https:\\\/\\\/biscuitkid.ch\\\/index.php\\\/prodotto\\\/calzini-alti-cotone-fantasia-check-bianchi-tinycottons\\\/\"]}]},{\"@type\":\"ImageObject\",\"inLanguage\":\"it-IT\",\"@id\":\"https:\\\/\\\/biscuitkid.ch\\\/index.php\\\/prodotto\\\/calzini-alti-cotone-fantasia-check-bianchi-tinycottons\\\/#primaryimage\",\"url\":\"https:\\\/\\\/i0.wp.com\\\/biscuitkid.ch\\\/wp-content\\\/uploads\\\/2020\\\/03\\\/SS20_302_D83_1-1.jpg?fit=1200%2C1800&ssl=1\",\"contentUrl\":\"https:\\\/\\\/i0.wp.com\\\/biscuitkid.ch\\\/wp-content\\\/uploads\\\/2020\\\/03\\\/SS20_302_D83_1-1.jpg?fit=1200%2C1800&ssl=1\",\"width\":1200,\"height\":1800},{\"@type\":\"BreadcrumbList\",\"@id\":\"https:\\\/\\\/biscuitkid.ch\\\/index.php\\\/prodotto\\\/calzini-alti-cotone-fantasia-check-bianchi-tinycottons\\\/#breadcrumb\",\"itemListElement\":[{\"@type\":\"ListItem\",\"position\":1,\"name\":\"Home\",\"item\":\"https:\\\/\\\/biscuitkid.ch\\\/\"},{\"@type\":\"ListItem\",\"position\":2,\"name\":\"Shop\",\"item\":\"https:\\\/\\\/biscuitkid.ch\\\/index.php\\\/negozio\\\/\"},{\"@type\":\"ListItem\",\"position\":3,\"name\":\"Calzini Alti Cotone Fantasia Check Bianchi Tinycottons\"}]},{\"@type\":\"WebSite\",\"@id\":\"https:\\\/\\\/biscuitkid.ch\\\/#website\",\"url\":\"https:\\\/\\\/biscuitkid.ch\\\/\",\"name\":\"Biscuitkid\",\"description\":\"Vestiti e Felici\",\"publisher\":{\"@id\":\"https:\\\/\\\/biscuitkid.ch\\\/#organization\"},\"potentialAction\":[{\"@type\":\"SearchAction\",\"target\":{\"@type\":\"EntryPoint\",\"urlTemplate\":\"https:\\\/\\\/biscuitkid.ch\\\/?s={search_term_string}\"},\"query-input\":{\"@type\":\"PropertyValueSpecification\",\"valueRequired\":true,\"valueName\":\"search_term_string\"}}],\"inLanguage\":\"it-IT\"},{\"@type\":\"Organization\",\"@id\":\"https:\\\/\\\/biscuitkid.ch\\\/#organization\",\"name\":\"biscuitkid\",\"url\":\"https:\\\/\\\/biscuitkid.ch\\\/\",\"logo\":{\"@type\":\"ImageObject\",\"inLanguage\":\"it-IT\",\"@id\":\"https:\\\/\\\/biscuitkid.ch\\\/#\\\/schema\\\/logo\\\/image\\\/\",\"url\":\"\",\"contentUrl\":\"\",\"caption\":\"biscuitkid\"},\"image\":{\"@id\":\"https:\\\/\\\/biscuitkid.ch\\\/#\\\/schema\\\/logo\\\/image\\\/\"},\"sameAs\":[\"https:\\\/\\\/it-it.facebook.com\\\/biscuitkid.ch\\\/\",\"https:\\\/\\\/www.instagram.com\\\/biscuitkid2.0\\\/\"]}]}<\/script>\n<!-- \/ Yoast SEO plugin. -->","yoast_head_json":{"title":"Calzini Alti Cotone Fantasia Check Bianchi Tinycottons - Biscuitkid abbigliamento neonati e bambini","description":"Calzini alti base bianca, design a quadri rosso e blu. La composizione principale \u00e8 in cotone di alta qualit\u00e0. Prodotto in Portogallo","robots":{"index":"index","follow":"follow","max-snippet":"max-snippet:-1","max-image-preview":"max-image-preview:large","max-video-preview":"max-video-preview:-1"},"canonical":"https:\/\/biscuitkid.ch\/index.php\/prodotto\/calzini-alti-cotone-fantasia-check-bianchi-tinycottons\/","og_locale":"it_IT","og_type":"article","og_title":"Calzini Alti Cotone Fantasia Check Bianchi Tinycottons - Biscuitkid abbigliamento neonati e bambini","og_description":"Calzini alti base bianca, design a quadri rosso e blu. La composizione principale \u00e8 in cotone di alta qualit\u00e0. Prodotto in Portogallo","og_url":"https:\/\/biscuitkid.ch\/index.php\/prodotto\/calzini-alti-cotone-fantasia-check-bianchi-tinycottons\/","og_site_name":"Biscuitkid abbigliamento neonati e bambini","article_publisher":"https:\/\/it-it.facebook.com\/biscuitkid.ch\/","article_modified_time":"2021-02-02T13:00:35+00:00","og_image":[{"width":1200,"height":1800,"url":"https:\/\/biscuitkid.ch\/wp-content\/uploads\/2020\/03\/SS20_302_D83_1-1.jpg","type":"image\/jpeg"}],"twitter_card":"summary_large_image","schema":{"@context":"https:\/\/schema.org","@graph":[{"@type":"WebPage","@id":"https:\/\/biscuitkid.ch\/index.php\/prodotto\/calzini-alti-cotone-fantasia-check-bianchi-tinycottons\/","url":"https:\/\/biscuitkid.ch\/index.php\/prodotto\/calzini-alti-cotone-fantasia-check-bianchi-tinycottons\/","name":"Calzini Alti Cotone Fantasia Check Bianchi Tinycottons - Biscuitkid abbigliamento neonati e bambini","isPartOf":{"@id":"https:\/\/biscuitkid.ch\/#website"},"primaryImageOfPage":{"@id":"https:\/\/biscuitkid.ch\/index.php\/prodotto\/calzini-alti-cotone-fantasia-check-bianchi-tinycottons\/#primaryimage"},"image":{"@id":"https:\/\/biscuitkid.ch\/index.php\/prodotto\/calzini-alti-cotone-fantasia-check-bianchi-tinycottons\/#primaryimage"},"thumbnailUrl":"https:\/\/i0.wp.com\/biscuitkid.ch\/wp-content\/uploads\/2020\/03\/SS20_302_D83_1-1.jpg?fit=1200%2C1800&ssl=1","datePublished":"2020-03-23T00:56:42+00:00","dateModified":"2021-02-02T13:00:35+00:00","description":"Calzini alti base bianca, design a quadri rosso e blu. La composizione principale \u00e8 in cotone di alta qualit\u00e0. Prodotto in Portogallo","breadcrumb":{"@id":"https:\/\/biscuitkid.ch\/index.php\/prodotto\/calzini-alti-cotone-fantasia-check-bianchi-tinycottons\/#breadcrumb"},"inLanguage":"it-IT","potentialAction":[{"@type":"ReadAction","target":["https:\/\/biscuitkid.ch\/index.php\/prodotto\/calzini-alti-cotone-fantasia-check-bianchi-tinycottons\/"]}]},{"@type":"ImageObject","inLanguage":"it-IT","@id":"https:\/\/biscuitkid.ch\/index.php\/prodotto\/calzini-alti-cotone-fantasia-check-bianchi-tinycottons\/#primaryimage","url":"https:\/\/i0.wp.com\/biscuitkid.ch\/wp-content\/uploads\/2020\/03\/SS20_302_D83_1-1.jpg?fit=1200%2C1800&ssl=1","contentUrl":"https:\/\/i0.wp.com\/biscuitkid.ch\/wp-content\/uploads\/2020\/03\/SS20_302_D83_1-1.jpg?fit=1200%2C1800&ssl=1","width":1200,"height":1800},{"@type":"BreadcrumbList","@id":"https:\/\/biscuitkid.ch\/index.php\/prodotto\/calzini-alti-cotone-fantasia-check-bianchi-tinycottons\/#breadcrumb","itemListElement":[{"@type":"ListItem","position":1,"name":"Home","item":"https:\/\/biscuitkid.ch\/"},{"@type":"ListItem","position":2,"name":"Shop","item":"https:\/\/biscuitkid.ch\/index.php\/negozio\/"},{"@type":"ListItem","position":3,"name":"Calzini Alti Cotone Fantasia Check Bianchi Tinycottons"}]},{"@type":"WebSite","@id":"https:\/\/biscuitkid.ch\/#website","url":"https:\/\/biscuitkid.ch\/","name":"Biscuitkid","description":"Vestiti e Felici","publisher":{"@id":"https:\/\/biscuitkid.ch\/#organization"},"potentialAction":[{"@type":"SearchAction","target":{"@type":"EntryPoint","urlTemplate":"https:\/\/biscuitkid.ch\/?s={search_term_string}"},"query-input":{"@type":"PropertyValueSpecification","valueRequired":true,"valueName":"search_term_string"}}],"inLanguage":"it-IT"},{"@type":"Organization","@id":"https:\/\/biscuitkid.ch\/#organization","name":"biscuitkid","url":"https:\/\/biscuitkid.ch\/","logo":{"@type":"ImageObject","inLanguage":"it-IT","@id":"https:\/\/biscuitkid.ch\/#\/schema\/logo\/image\/","url":"","contentUrl":"","caption":"biscuitkid"},"image":{"@id":"https:\/\/biscuitkid.ch\/#\/schema\/logo\/image\/"},"sameAs":["https:\/\/it-it.facebook.com\/biscuitkid.ch\/","https:\/\/www.instagram.com\/biscuitkid2.0\/"]}]}},"jetpack_publicize_connections":[],"jetpack_sharing_enabled":true,"_links":{"self":[{"href":"https:\/\/biscuitkid.ch\/index.php\/wp-json\/wp\/v2\/product\/3280","targetHints":{"allow":["GET"]}}],"collection":[{"href":"https:\/\/biscuitkid.ch\/index.php\/wp-json\/wp\/v2\/product"}],"about":[{"href":"https:\/\/biscuitkid.ch\/index.php\/wp-json\/wp\/v2\/types\/product"}],"wp:featuredmedia":[{"embeddable":true,"href":"https:\/\/biscuitkid.ch\/index.php\/wp-json\/wp\/v2\/media\/3285"}],"wp:attachment":[{"href":"https:\/\/biscuitkid.ch\/index.php\/wp-json\/wp\/v2\/media?parent=3280"}],"wp:term":[{"taxonomy":"product_brand","embeddable":true,"href":"https:\/\/biscuitkid.ch\/index.php\/wp-json\/wp\/v2\/product_brand?post=3280"},{"taxonomy":"product_cat","embeddable":true,"href":"https:\/\/biscuitkid.ch\/index.php\/wp-json\/wp\/v2\/product_cat?post=3280"},{"taxonomy":"product_tag","embeddable":true,"href":"https:\/\/biscuitkid.ch\/index.php\/wp-json\/wp\/v2\/product_tag?post=3280"}],"curies":[{"name":"wp","href":"https:\/\/api.w.org\/{rel}","templated":true}]}}